{"id":2270,"date":"2023-11-27T17:47:40","date_gmt":"2023-11-27T17:47:40","guid":{"rendered":"https:\/\/kalivineyardestate.hu\/?post_type=product&#038;p=2270"},"modified":"2023-12-04T20:22:46","modified_gmt":"2023-12-04T20:22:46","slug":"ajandekutalvany","status":"publish","type":"product","link":"https:\/\/kalivineyardestate.hu\/en\/product\/ajandekutalvany\/","title":{"rendered":"Gift voucher"},"content":{"rendered":"<ul>\n<li>Vouchers can be redeemed for 1 year from the date of purchase.<\/li>\n<li>Gift vouchers are only valid with your order number, which you will find in the confirmation email sent after successful payment.<\/li>\n<li>Vouchers can be redeemed subject to advance booking and subject to availability.<\/li>\n<li>You can pay by bank transfer or by credit card on the site.<\/li>\n<li>Gift vouchers are in digital format. The selected version can be downloaded and printed immediately after payment.<\/li>\n<li>If the booking fee to be paid with a voucher is higher than the amount available on the gift voucher, the gift recipient can settle the difference with another means of payment (cash, debit card, other gift card).<\/li>\n<li>The value of the gift voucher cannot be exchanged for cash.<\/li>\n<li>Vouchers cannot be used to purchase another gift voucher.<\/li>\n<li>For other values or other specific requirements, please contact us at any of our contact details!<\/li>\n<\/ul>","protected":false},"excerpt":{"rendered":"<p>Make a special gift of pampering in our exclusive accommodation at the gateway to the K\u00e1li Basin!<\/p>\n<p>Lepd meg szeretteidet sz\u00fclet\u00e9snapra, \u00e9vfordul\u00f3ra, kar\u00e1csonyra vagy egy\u00e9b \u00fcnnepi alkalomra, \u00e9s szerezz egy megism\u00e9telhetetlen \u00e9lm\u00e9nyt az \u00fcnnepeltnek! &hellip; <a href=\"https:\/\/kalivineyardestate.hu\/en\/product\/ajandekutalvany\/\">Read More<\/a><\/p>","protected":false},"featured_media":2345,"template":"","meta":[],"product_brand":[],"product_cat":[46],"product_tag":[],"class_list":{"0":"post-2270","1":"product","2":"type-product","3":"status-publish","4":"has-post-thumbnail","6":"product_cat-ajandekutalvanyok","8":"first","9":"instock","10":"shipping-taxable","11":"purchasable","12":"product-type-variable"},"_links":{"self":[{"href":"https:\/\/kalivineyardestate.hu\/en\/wp-json\/wp\/v2\/product\/2270","targetHints":{"allow":["GET"]}}],"collection":[{"href":"https:\/\/kalivineyardestate.hu\/en\/wp-json\/wp\/v2\/product"}],"about":[{"href":"https:\/\/kalivineyardestate.hu\/en\/wp-json\/wp\/v2\/types\/product"}],"wp:featuredmedia":[{"embeddable":true,"href":"https:\/\/kalivineyardestate.hu\/en\/wp-json\/wp\/v2\/media\/2345"}],"wp:attachment":[{"href":"https:\/\/kalivineyardestate.hu\/en\/wp-json\/wp\/v2\/media?parent=2270"}],"wp:term":[{"taxonomy":"product_brand","embeddable":true,"href":"https:\/\/kalivineyardestate.hu\/en\/wp-json\/wp\/v2\/product_brand?post=2270"},{"taxonomy":"product_cat","embeddable":true,"href":"https:\/\/kalivineyardestate.hu\/en\/wp-json\/wp\/v2\/product_cat?post=2270"},{"taxonomy":"product_tag","embeddable":true,"href":"https:\/\/kalivineyardestate.hu\/en\/wp-json\/wp\/v2\/product_tag?post=2270"}],"curies":[{"name":"wp","href":"https:\/\/api.w.org\/{rel}","templated":true}]}}