{"id":2512,"date":"2024-03-21T12:19:52","date_gmt":"2024-03-21T12:19:52","guid":{"rendered":"https:\/\/kalivineyardestate.hu\/?page_id=2512"},"modified":"2024-03-21T21:19:08","modified_gmt":"2024-03-21T21:19:08","slug":"reggeli","status":"publish","type":"page","link":"https:\/\/kalivineyardestate.hu\/en\/reggeli\/","title":{"rendered":"Breakfast"},"content":{"rendered":"<div data-elementor-type=\"wp-page\" data-elementor-id=\"2512\" class=\"elementor elementor-2512\">\n\t\t\t\t\t\t<section class=\"elementor-section elementor-top-section elementor-element elementor-element-010dd15 elementor-section-boxed elementor-section-height-default elementor-section-height-default\" data-id=\"010dd15\" data-element_type=\"section\" data-e-type=\"section\">\n\t\t\t\t\t\t<div class=\"elementor-container elementor-column-gap-default\">\n\t\t\t\t\t<div class=\"elementor-column elementor-col-100 elementor-top-column elementor-element elementor-element-caf8065\" data-id=\"caf8065\" data-element_type=\"column\" data-e-type=\"column\">\n\t\t\t<div class=\"elementor-widget-wrap elementor-element-populated\">\n\t\t\t\t\t\t<div class=\"elementor-element elementor-element-8a9e2da animated-slow elementor-invisible elementor-widget elementor-widget-text-editor\" data-id=\"8a9e2da\" data-element_type=\"widget\" data-e-type=\"widget\" data-settings=\"{&quot;_animation&quot;:&quot;fadeInUp&quot;,&quot;_animation_delay&quot;:200}\" data-widget_type=\"text-editor.default\">\n\t\t\t\t<div class=\"elementor-widget-container\">\n\t\t\t\t\t\t\t\t\t<p>\u00a0<\/p><p>\u00a0<\/p><p>\u00a0<\/p><ul><li><strong>Enjoyable breakfast is part of true relaxation<\/strong><\/li><li><strong>Discover the richness of local flavors through the R\u00f3k\u00e1n\u00e9 Basket, which delivers the specialties of the best local producers directly to your door<\/strong><\/li><li><strong>You can choose from our different options, including picnic baskets filled with fresh and local produce, or even farmer's breakfasts, which guarantee the freshest flavors on your table<\/strong><\/li><li><strong>With products selected with dedication and expertise, R\u00f3k\u00e1n\u00e9 ensures that magical mornings are truly special and carefree. Fresh and tasty breakfast packages, from farm eggs to artisanal pastries, with high-quality dairy products, smoked meat products and home-made jams, arrive every day<\/strong><\/li><li><strong>Choose from three different basket options: Nivegy basket, Gourmet basket, Premium basket<\/strong><\/li><\/ul><h4><strong><a href=\"https:\/\/rokanekosara.hu\/\">view breakfast selection and order<\/a><\/strong><\/h4>\t\t\t\t\t\t\t\t<\/div>\n\t\t\t\t<\/div>\n\t\t\t\t\t<\/div>\n\t\t<\/div>\n\t\t\t\t\t<\/div>\n\t\t<\/section>\n\t\t\t\t<section class=\"elementor-section elementor-top-section elementor-element elementor-element-1cabf14 elementor-section-boxed elementor-section-height-default elementor-section-height-default\" data-id=\"1cabf14\" data-element_type=\"section\" data-e-type=\"section\">\n\t\t\t\t\t\t<div class=\"elementor-container elementor-column-gap-default\">\n\t\t\t\t\t<div class=\"elementor-column elementor-col-33 elementor-top-column elementor-element elementor-element-53e48da\" data-id=\"53e48da\" data-element_type=\"column\" data-e-type=\"column\">\n\t\t\t<div class=\"elementor-widget-wrap elementor-element-populated\">\n\t\t\t\t\t\t<div class=\"elementor-element elementor-element-93bf95d elementor-invisible elementor-widget elementor-widget-image\" data-id=\"93bf95d\" data-element_type=\"widget\" data-e-type=\"widget\" data-settings=\"{&quot;_animation&quot;:&quot;fadeInUp&quot;,&quot;_animation_delay&quot;:100}\" data-widget_type=\"image.default\">\n\t\t\t\t<div class=\"elementor-widget-container\">\n\t\t\t\t\t\t\t\t\t\t\t\t\t\t\t<img fetchpriority=\"high\" decoding=\"async\" width=\"1024\" height=\"683\" src=\"https:\/\/kalivineyardestate.hu\/wp-content\/uploads\/2024\/03\/Gourmet-kosar-1024x683.jpg\" class=\"attachment-large size-large wp-image-2474\" alt=\"\" srcset=\"https:\/\/kalivineyardestate.hu\/wp-content\/uploads\/2024\/03\/Gourmet-kosar-1024x683.jpg 1024w, https:\/\/kalivineyardestate.hu\/wp-content\/uploads\/2024\/03\/Gourmet-kosar-600x400.jpg 600w, https:\/\/kalivineyardestate.hu\/wp-content\/uploads\/2024\/03\/Gourmet-kosar-300x200.jpg 300w, https:\/\/kalivineyardestate.hu\/wp-content\/uploads\/2024\/03\/Gourmet-kosar-768x512.jpg 768w, https:\/\/kalivineyardestate.hu\/wp-content\/uploads\/2024\/03\/Gourmet-kosar-18x12.jpg 18w, https:\/\/kalivineyardestate.hu\/wp-content\/uploads\/2024\/03\/Gourmet-kosar-45x30.jpg 45w, https:\/\/kalivineyardestate.hu\/wp-content\/uploads\/2024\/03\/Gourmet-kosar-120x80.jpg 120w, https:\/\/kalivineyardestate.hu\/wp-content\/uploads\/2024\/03\/Gourmet-kosar-394x263.jpg 394w, https:\/\/kalivineyardestate.hu\/wp-content\/uploads\/2024\/03\/Gourmet-kosar-915x610.jpg 915w, https:\/\/kalivineyardestate.hu\/wp-content\/uploads\/2024\/03\/Gourmet-kosar.jpg 1200w\" sizes=\"(max-width: 1024px) 100vw, 1024px\" \/>\t\t\t\t\t\t\t\t\t\t\t\t\t\t\t<\/div>\n\t\t\t\t<\/div>\n\t\t\t\t\t<\/div>\n\t\t<\/div>\n\t\t\t\t<div class=\"elementor-column elementor-col-33 elementor-top-column elementor-element elementor-element-485968b\" data-id=\"485968b\" data-element_type=\"column\" data-e-type=\"column\">\n\t\t\t<div class=\"elementor-widget-wrap elementor-element-populated\">\n\t\t\t\t\t\t<div class=\"elementor-element elementor-element-2fd28e9 elementor-invisible elementor-widget elementor-widget-image\" data-id=\"2fd28e9\" data-element_type=\"widget\" data-e-type=\"widget\" data-settings=\"{&quot;_animation&quot;:&quot;fadeInUp&quot;,&quot;_animation_delay&quot;:100}\" data-widget_type=\"image.default\">\n\t\t\t\t<div class=\"elementor-widget-container\">\n\t\t\t\t\t\t\t\t\t\t\t\t\t\t\t<img decoding=\"async\" width=\"1024\" height=\"683\" src=\"https:\/\/kalivineyardestate.hu\/wp-content\/uploads\/2024\/03\/Nivegy-kosar-1024x683.jpg\" class=\"attachment-large size-large wp-image-2475\" alt=\"\" srcset=\"https:\/\/kalivineyardestate.hu\/wp-content\/uploads\/2024\/03\/Nivegy-kosar-1024x683.jpg 1024w, https:\/\/kalivineyardestate.hu\/wp-content\/uploads\/2024\/03\/Nivegy-kosar-600x400.jpg 600w, https:\/\/kalivineyardestate.hu\/wp-content\/uploads\/2024\/03\/Nivegy-kosar-300x200.jpg 300w, https:\/\/kalivineyardestate.hu\/wp-content\/uploads\/2024\/03\/Nivegy-kosar-768x512.jpg 768w, https:\/\/kalivineyardestate.hu\/wp-content\/uploads\/2024\/03\/Nivegy-kosar-18x12.jpg 18w, https:\/\/kalivineyardestate.hu\/wp-content\/uploads\/2024\/03\/Nivegy-kosar-45x30.jpg 45w, https:\/\/kalivineyardestate.hu\/wp-content\/uploads\/2024\/03\/Nivegy-kosar-120x80.jpg 120w, https:\/\/kalivineyardestate.hu\/wp-content\/uploads\/2024\/03\/Nivegy-kosar-394x263.jpg 394w, https:\/\/kalivineyardestate.hu\/wp-content\/uploads\/2024\/03\/Nivegy-kosar-915x610.jpg 915w, https:\/\/kalivineyardestate.hu\/wp-content\/uploads\/2024\/03\/Nivegy-kosar.jpg 1200w\" sizes=\"(max-width: 1024px) 100vw, 1024px\" \/>\t\t\t\t\t\t\t\t\t\t\t\t\t\t\t<\/div>\n\t\t\t\t<\/div>\n\t\t\t\t\t<\/div>\n\t\t<\/div>\n\t\t\t\t<div class=\"elementor-column elementor-col-33 elementor-top-column elementor-element elementor-element-5e5fd01\" data-id=\"5e5fd01\" data-element_type=\"column\" data-e-type=\"column\">\n\t\t\t<div class=\"elementor-widget-wrap elementor-element-populated\">\n\t\t\t\t\t\t<div class=\"elementor-element elementor-element-ef474bb elementor-invisible elementor-widget elementor-widget-image\" data-id=\"ef474bb\" data-element_type=\"widget\" data-e-type=\"widget\" data-settings=\"{&quot;_animation&quot;:&quot;fadeInUp&quot;,&quot;_animation_delay&quot;:100}\" data-widget_type=\"image.default\">\n\t\t\t\t<div class=\"elementor-widget-container\">\n\t\t\t\t\t\t\t\t\t\t\t\t\t\t\t<img decoding=\"async\" width=\"1024\" height=\"683\" src=\"https:\/\/kalivineyardestate.hu\/wp-content\/uploads\/2024\/03\/Premium-kosar-1024x683.jpg\" class=\"attachment-large size-large wp-image-2476\" alt=\"\" srcset=\"https:\/\/kalivineyardestate.hu\/wp-content\/uploads\/2024\/03\/Premium-kosar-1024x683.jpg 1024w, https:\/\/kalivineyardestate.hu\/wp-content\/uploads\/2024\/03\/Premium-kosar-600x400.jpg 600w, https:\/\/kalivineyardestate.hu\/wp-content\/uploads\/2024\/03\/Premium-kosar-300x200.jpg 300w, https:\/\/kalivineyardestate.hu\/wp-content\/uploads\/2024\/03\/Premium-kosar-768x512.jpg 768w, https:\/\/kalivineyardestate.hu\/wp-content\/uploads\/2024\/03\/Premium-kosar-18x12.jpg 18w, https:\/\/kalivineyardestate.hu\/wp-content\/uploads\/2024\/03\/Premium-kosar-45x30.jpg 45w, https:\/\/kalivineyardestate.hu\/wp-content\/uploads\/2024\/03\/Premium-kosar-120x80.jpg 120w, https:\/\/kalivineyardestate.hu\/wp-content\/uploads\/2024\/03\/Premium-kosar-394x263.jpg 394w, https:\/\/kalivineyardestate.hu\/wp-content\/uploads\/2024\/03\/Premium-kosar-915x610.jpg 915w, https:\/\/kalivineyardestate.hu\/wp-content\/uploads\/2024\/03\/Premium-kosar.jpg 1200w\" sizes=\"(max-width: 1024px) 100vw, 1024px\" \/>\t\t\t\t\t\t\t\t\t\t\t\t\t\t\t<\/div>\n\t\t\t\t<\/div>\n\t\t\t\t\t<\/div>\n\t\t<\/div>\n\t\t\t\t\t<\/div>\n\t\t<\/section>\n\t\t\t\t<section class=\"elementor-section elementor-top-section elementor-element elementor-element-3d8fba0 elementor-section-boxed elementor-section-height-default elementor-section-height-default\" data-id=\"3d8fba0\" data-element_type=\"section\" data-e-type=\"section\">\n\t\t\t\t\t\t<div class=\"elementor-container elementor-column-gap-default\">\n\t\t\t\t\t<div class=\"elementor-column elementor-col-50 elementor-top-column elementor-element elementor-element-ebd3bc0\" data-id=\"ebd3bc0\" data-element_type=\"column\" data-e-type=\"column\">\n\t\t\t<div class=\"elementor-widget-wrap elementor-element-populated\">\n\t\t\t\t\t\t<div class=\"elementor-element elementor-element-c886c84 elementor-invisible elementor-widget elementor-widget-image\" data-id=\"c886c84\" data-element_type=\"widget\" data-e-type=\"widget\" data-settings=\"{&quot;_animation&quot;:&quot;fadeInUp&quot;,&quot;_animation_delay&quot;:100}\" data-widget_type=\"image.default\">\n\t\t\t\t<div class=\"elementor-widget-container\">\n\t\t\t\t\t\t\t\t\t\t\t\t\t\t\t<img loading=\"lazy\" decoding=\"async\" width=\"1024\" height=\"683\" src=\"https:\/\/kalivineyardestate.hu\/wp-content\/uploads\/2024\/03\/rokanekosarakep-1024x683.jpg\" class=\"attachment-large size-large wp-image-2577\" alt=\"\" srcset=\"https:\/\/kalivineyardestate.hu\/wp-content\/uploads\/2024\/03\/rokanekosarakep-1024x683.jpg 1024w, https:\/\/kalivineyardestate.hu\/wp-content\/uploads\/2024\/03\/rokanekosarakep-300x200.jpg 300w, https:\/\/kalivineyardestate.hu\/wp-content\/uploads\/2024\/03\/rokanekosarakep-768x512.jpg 768w, https:\/\/kalivineyardestate.hu\/wp-content\/uploads\/2024\/03\/rokanekosarakep-18x12.jpg 18w, https:\/\/kalivineyardestate.hu\/wp-content\/uploads\/2024\/03\/rokanekosarakep-45x30.jpg 45w, https:\/\/kalivineyardestate.hu\/wp-content\/uploads\/2024\/03\/rokanekosarakep-120x80.jpg 120w, https:\/\/kalivineyardestate.hu\/wp-content\/uploads\/2024\/03\/rokanekosarakep-394x263.jpg 394w, https:\/\/kalivineyardestate.hu\/wp-content\/uploads\/2024\/03\/rokanekosarakep-915x610.jpg 915w, https:\/\/kalivineyardestate.hu\/wp-content\/uploads\/2024\/03\/rokanekosarakep-600x400.jpg 600w, https:\/\/kalivineyardestate.hu\/wp-content\/uploads\/2024\/03\/rokanekosarakep.jpg 1200w\" sizes=\"(max-width: 1024px) 100vw, 1024px\" \/>\t\t\t\t\t\t\t\t\t\t\t\t\t\t\t<\/div>\n\t\t\t\t<\/div>\n\t\t\t\t\t<\/div>\n\t\t<\/div>\n\t\t\t\t<div class=\"elementor-column elementor-col-50 elementor-top-column elementor-element elementor-element-347c1f0\" data-id=\"347c1f0\" data-element_type=\"column\" data-e-type=\"column\">\n\t\t\t<div class=\"elementor-widget-wrap elementor-element-populated\">\n\t\t\t\t\t\t<div class=\"elementor-element elementor-element-e5bbe61 elementor-invisible elementor-widget elementor-widget-image\" data-id=\"e5bbe61\" data-element_type=\"widget\" data-e-type=\"widget\" data-settings=\"{&quot;_animation&quot;:&quot;fadeInUp&quot;,&quot;_animation_delay&quot;:100}\" data-widget_type=\"image.default\">\n\t\t\t\t<div class=\"elementor-widget-container\">\n\t\t\t\t\t\t\t\t\t\t\t\t\t\t\t<img loading=\"lazy\" decoding=\"async\" width=\"800\" height=\"625\" src=\"https:\/\/kalivineyardestate.hu\/wp-content\/uploads\/2024\/03\/rokanekosarakep2.jpg\" class=\"attachment-large size-large wp-image-2578\" alt=\"\" srcset=\"https:\/\/kalivineyardestate.hu\/wp-content\/uploads\/2024\/03\/rokanekosarakep2.jpg 800w, https:\/\/kalivineyardestate.hu\/wp-content\/uploads\/2024\/03\/rokanekosarakep2-300x234.jpg 300w, https:\/\/kalivineyardestate.hu\/wp-content\/uploads\/2024\/03\/rokanekosarakep2-768x600.jpg 768w, https:\/\/kalivineyardestate.hu\/wp-content\/uploads\/2024\/03\/rokanekosarakep2-15x12.jpg 15w, https:\/\/kalivineyardestate.hu\/wp-content\/uploads\/2024\/03\/rokanekosarakep2-38x30.jpg 38w, https:\/\/kalivineyardestate.hu\/wp-content\/uploads\/2024\/03\/rokanekosarakep2-102x80.jpg 102w, https:\/\/kalivineyardestate.hu\/wp-content\/uploads\/2024\/03\/rokanekosarakep2-388x303.jpg 388w, https:\/\/kalivineyardestate.hu\/wp-content\/uploads\/2024\/03\/rokanekosarakep2-600x469.jpg 600w\" sizes=\"(max-width: 800px) 100vw, 800px\" \/>\t\t\t\t\t\t\t\t\t\t\t\t\t\t\t<\/div>\n\t\t\t\t<\/div>\n\t\t\t\t\t<\/div>\n\t\t<\/div>\n\t\t\t\t\t<\/div>\n\t\t<\/section>\n\t\t\t\t<\/div>","protected":false},"excerpt":{"rendered":"<p>\u00a0 \u00a0 \u00a0 Az igazi kikapcsol\u00f3d\u00e1shoz hozz\u00e1tartozik az \u00e9lvezetes reggeli is Fedezd fel a helyi \u00edzek gazdags\u00e1g\u00e1t a R\u00f3k\u00e1n\u00e9 Kosara \u00e1ltal, mely k\u00f6zvetlen\u00fcl az ajt\u00f3dhoz sz\u00e1ll\u00edtja a legjobb helyi termel\u0151k k\u00fcl\u00f6nlegess\u00e9geit V\u00e1laszthatsz k\u00fcl\u00f6nb\u00f6z\u0151 lehet\u0151s\u00e9geink k\u00f6z\u00fcl, bele\u00e9rtve a piknik kosarakat, melyek &hellip; <a href=\"https:\/\/kalivineyardestate.hu\/en\/reggeli\/\">Read More<\/a><\/p>","protected":false},"author":1,"featured_media":2474,"parent":0,"menu_order":0,"comment_status":"closed","ping_status":"closed","template":"","meta":{"footnotes":""},"class_list":["post-2512","page","type-page","status-publish","has-post-thumbnail","hentry"],"_links":{"self":[{"href":"https:\/\/kalivineyardestate.hu\/en\/wp-json\/wp\/v2\/pages\/2512","targetHints":{"allow":["GET"]}}],"collection":[{"href":"https:\/\/kalivineyardestate.hu\/en\/wp-json\/wp\/v2\/pages"}],"about":[{"href":"https:\/\/kalivineyardestate.hu\/en\/wp-json\/wp\/v2\/types\/page"}],"author":[{"embeddable":true,"href":"https:\/\/kalivineyardestate.hu\/en\/wp-json\/wp\/v2\/users\/1"}],"replies":[{"embeddable":true,"href":"https:\/\/kalivineyardestate.hu\/en\/wp-json\/wp\/v2\/comments?post=2512"}],"version-history":[{"count":46,"href":"https:\/\/kalivineyardestate.hu\/en\/wp-json\/wp\/v2\/pages\/2512\/revisions"}],"predecessor-version":[{"id":2587,"href":"https:\/\/kalivineyardestate.hu\/en\/wp-json\/wp\/v2\/pages\/2512\/revisions\/2587"}],"wp:featuredmedia":[{"embeddable":true,"href":"https:\/\/kalivineyardestate.hu\/en\/wp-json\/wp\/v2\/media\/2474"}],"wp:attachment":[{"href":"https:\/\/kalivineyardestate.hu\/en\/wp-json\/wp\/v2\/media?parent=2512"}],"curies":[{"name":"wp","href":"https:\/\/api.w.org\/{rel}","templated":true}]}}