{"id":2356,"date":"2023-12-04T20:50:19","date_gmt":"2023-12-04T20:50:19","guid":{"rendered":"https:\/\/kalivineyardestate.hu\/?page_id=2356"},"modified":"2025-04-07T18:53:06","modified_gmt":"2025-04-07T18:53:06","slug":"foglalas-megerosites","status":"publish","type":"page","link":"https:\/\/kalivineyardestate.hu\/en\/foglalas-megerosites\/","title":{"rendered":"Foglal\u00e1s meger\u0151s\u00edt\u00e9s"},"content":{"rendered":"<div data-elementor-type=\"wp-page\" data-elementor-id=\"2356\" class=\"elementor elementor-2356\">\n\t\t\t\t\t\t<section class=\"elementor-section elementor-top-section elementor-element elementor-element-3f96591 elementor-section-boxed elementor-section-height-default elementor-section-height-default\" data-id=\"3f96591\" data-element_type=\"section\" data-e-type=\"section\">\n\t\t\t\t\t\t<div class=\"elementor-container elementor-column-gap-default\">\n\t\t\t\t\t<div class=\"elementor-column elementor-col-66 elementor-top-column elementor-element elementor-element-2947db3\" data-id=\"2947db3\" data-element_type=\"column\" data-e-type=\"column\">\n\t\t\t<div class=\"elementor-widget-wrap elementor-element-populated\">\n\t\t\t\t\t\t<div class=\"elementor-element elementor-element-c1541ba elementor-widget elementor-widget-themo-mphb-checkout-form\" data-id=\"c1541ba\" data-element_type=\"widget\" data-e-type=\"widget\" data-widget_type=\"themo-mphb-checkout-form.default\">\n\t\t\t\t<div class=\"elementor-widget-container\">\n\t\t\t\t\t            <div class=\"th-fo-form th-form-stacked  th-btn-form btn-standard-primary-form\"><div class=\"mphb_sc_checkout-wrapper frm_forms with_frm_style\"><\/div><\/div>\n            \t\t\t\t<\/div>\n\t\t\t\t<\/div>\n\t\t\t\t\t<\/div>\n\t\t<\/div>\n\t\t\t\t<div class=\"elementor-column elementor-col-33 elementor-top-column elementor-element elementor-element-6d497bf\" data-id=\"6d497bf\" data-element_type=\"column\" data-e-type=\"column\">\n\t\t\t<div class=\"elementor-widget-wrap elementor-element-populated\">\n\t\t\t\t<!-- Themovaiton Sidebar Wrap before --><div class=\"sidebar th-widget-area th-sidebar-widget\">\t\t<div class=\"elementor-element elementor-element-14077cd elementor-widget elementor-widget-sidebar\" data-id=\"14077cd\" data-element_type=\"widget\" data-e-type=\"widget\" data-widget_type=\"sidebar.default\">\n\t\t\t\t<div class=\"elementor-widget-container\">\n\t\t\t\t\t\n\t\t\t\t<section class=\"widget widget-th-contact-info\">\n\t\t\t<div class=\"widget-inner\">\n\t\t\t\t\t\t\t\t\t<h3 class=\"widget-title\">Need help?<\/h3>\n\t\t\t\t\t\t\t\t<div class=\"th-contact-info-widget\">\n\t\t\t\t\t<div class='icon-blocks'><div class=\"icon-block\"><p><a target='_blank' href='mailto:info@kalivineyardestate.hu'><i class='fa fa-envelope-open-o'><\/i><span>info@kalivineyardestate.hu<\/span><\/a><\/p><\/div><div class=\"icon-block\"><p><a  href='tel:+36-70-239-7770'><i class='fa fa-mobile'><\/i><span>+36-70-239-7770<\/span><\/a><\/p><\/div><div class=\"icon-block\"><p><a target='_blank' href='https:\/\/www.google.com\/maps\/place\/Kli+Vineyard+Estate\/@46.9019589,17.6010241,15z\/data=!4m5!3m4!1s0x0:0x389ac20c14f7723c!8m2!3d46.9019301!4d17.6009821?sa=X&ved=2ahUKEwjJ_an2i_b3AhXF77sIHW4ZBl4Q_BJ6BAg3EAU&shorturl=1'><i class='fa fa-map-o'><\/i><span>Map &amp; Directions<\/span><\/a><\/p><\/div><\/div>\t\t\t\t<\/div>\n\t\t\t<\/div>\n\t\t<\/section>\n\n\t\t\n\t\t\t\t<section class=\"widget widget-th-payments\">\n\t\t\t<div class=\"widget-inner\">\n\t\t\t\t\t\t\t\t\t<h3 class=\"widget-title\">Payment methods<\/h3>\n\t\t\t\t\t\t\t\t<div class=\"th-payments-widget\">\n\t\t\t\t\t<span class='th-payment-no-img'>Visa<\/span><span class='th-payment-no-img'>MasterCard<\/span>\t\t\t\t<\/div>\n\t\t\t<\/div>\n\t\t<\/section>\n\n\t\t\t\t\t\t<\/div>\n\t\t\t\t<\/div>\n\t\t<\/div><!-- Themovaiton Sidebar Wrap after -->\t\t\t<\/div>\n\t\t<\/div>\n\t\t\t\t\t<\/div>\n\t\t<\/section>\n\t\t\t\t<\/div>","protected":false},"excerpt":{"rendered":"","protected":false},"author":1,"featured_media":0,"parent":0,"menu_order":0,"comment_status":"closed","ping_status":"closed","template":"","meta":{"footnotes":""},"class_list":["post-2356","page","type-page","status-publish","hentry"],"_links":{"self":[{"href":"https:\/\/kalivineyardestate.hu\/en\/wp-json\/wp\/v2\/pages\/2356","targetHints":{"allow":["GET"]}}],"collection":[{"href":"https:\/\/kalivineyardestate.hu\/en\/wp-json\/wp\/v2\/pages"}],"about":[{"href":"https:\/\/kalivineyardestate.hu\/en\/wp-json\/wp\/v2\/types\/page"}],"author":[{"embeddable":true,"href":"https:\/\/kalivineyardestate.hu\/en\/wp-json\/wp\/v2\/users\/1"}],"replies":[{"embeddable":true,"href":"https:\/\/kalivineyardestate.hu\/en\/wp-json\/wp\/v2\/comments?post=2356"}],"version-history":[{"count":5,"href":"https:\/\/kalivineyardestate.hu\/en\/wp-json\/wp\/v2\/pages\/2356\/revisions"}],"predecessor-version":[{"id":2362,"href":"https:\/\/kalivineyardestate.hu\/en\/wp-json\/wp\/v2\/pages\/2356\/revisions\/2362"}],"wp:attachment":[{"href":"https:\/\/kalivineyardestate.hu\/en\/wp-json\/wp\/v2\/media?parent=2356"}],"curies":[{"name":"wp","href":"https:\/\/api.w.org\/{rel}","templated":true}]}}