{"id":1285,"date":"2022-06-02T19:53:24","date_gmt":"2022-06-02T19:53:24","guid":{"rendered":"https:\/\/kalivineyardestate.hu\/?page_id=1285"},"modified":"2025-04-07T18:55:17","modified_gmt":"2025-04-07T18:55:17","slug":"sikeres-foglalas","status":"publish","type":"page","link":"https:\/\/kalivineyardestate.hu\/en\/foglalas-megerositese\/sikeres-foglalas\/","title":{"rendered":"You are booked"},"content":{"rendered":"\t\t<div data-elementor-type=\"wp-post\" data-elementor-id=\"1285\" class=\"elementor elementor-1285\">\n\t\t\t\t\t\t<section class=\"elementor-section elementor-top-section elementor-element elementor-element-6bb11d53 elementor-section-boxed elementor-section-height-default elementor-section-height-default\" data-id=\"6bb11d53\" data-element_type=\"section\" data-e-type=\"section\">\n\t\t\t\t\t\t<div class=\"elementor-container elementor-column-gap-default\">\n\t\t\t\t\t<div class=\"elementor-column elementor-col-100 elementor-top-column elementor-element elementor-element-25be3f46\" data-id=\"25be3f46\" data-element_type=\"column\" data-e-type=\"column\">\n\t\t\t<div class=\"elementor-widget-wrap elementor-element-populated\">\n\t\t\t\t\t\t<div class=\"elementor-element elementor-element-1b023d4 elementor-widget elementor-widget-spacer\" data-id=\"1b023d4\" data-element_type=\"widget\" data-e-type=\"widget\" data-widget_type=\"spacer.default\">\n\t\t\t\t<div class=\"elementor-widget-container\">\n\t\t\t\t\t\t\t<div class=\"elementor-spacer\">\n\t\t\t<div class=\"elementor-spacer-inner\"><\/div>\n\t\t<\/div>\n\t\t\t\t\t\t<\/div>\n\t\t\t\t<\/div>\n\t\t\t\t<div class=\"elementor-element elementor-element-b571358 elementor-widget elementor-widget-spacer\" data-id=\"b571358\" data-element_type=\"widget\" data-e-type=\"widget\" data-widget_type=\"spacer.default\">\n\t\t\t\t<div class=\"elementor-widget-container\">\n\t\t\t\t\t\t\t<div class=\"elementor-spacer\">\n\t\t\t<div class=\"elementor-spacer-inner\"><\/div>\n\t\t<\/div>\n\t\t\t\t\t\t<\/div>\n\t\t\t\t<\/div>\n\t\t\t\t<div class=\"elementor-element elementor-element-6fc6c9e elementor-view-default elementor-widget elementor-widget-icon\" data-id=\"6fc6c9e\" data-element_type=\"widget\" data-e-type=\"widget\" data-widget_type=\"icon.default\">\n\t\t\t\t<div class=\"elementor-widget-container\">\n\t\t\t\t\t\t\t<div class=\"elementor-icon-wrapper\">\n\t\t\t<div class=\"elementor-icon\">\n\t\t\t<i aria-hidden=\"true\" class=\"th-linea icon th-linea icon-basic-elaboration-calendar-check\"><\/i>\t\t\t<\/div>\n\t\t<\/div>\n\t\t\t\t\t\t<\/div>\n\t\t\t\t<\/div>\n\t\t\t\t<div class=\"elementor-element elementor-element-39654cca elementor-widget elementor-widget-text-editor\" data-id=\"39654cca\" data-element_type=\"widget\" data-e-type=\"widget\" data-widget_type=\"text-editor.default\">\n\t\t\t\t<div class=\"elementor-widget-container\">\n\t\t\t\t\t\t\t\t\t<p>\u00d6r\u00f6mmel \u00e9rtes\u00edt\u00fcnk, hogy a foglal\u00e1sod v\u00e9gleges\u00edt\u00e9s alatt van.<\/p><p>A sikeres fizet\u00e9sr\u0151l hamarosan \u00e9rtes\u00edt\u00fcnk egy visszaigazol\u00f3 lev\u00e9l form\u00e1j\u00e1ban, amit a megadott e-mail c\u00edmre k\u00fcld\u00fcnk.<\/p><p>V\u00e1runk szeretettel!<\/p>\t\t\t\t\t\t\t\t<\/div>\n\t\t\t\t<\/div>\n\t\t\t\t<div class=\"elementor-element elementor-element-22dcf4aa elementor-widget elementor-widget-spacer\" data-id=\"22dcf4aa\" data-element_type=\"widget\" data-e-type=\"widget\" data-widget_type=\"spacer.default\">\n\t\t\t\t<div class=\"elementor-widget-container\">\n\t\t\t\t\t\t\t<div class=\"elementor-spacer\">\n\t\t\t<div class=\"elementor-spacer-inner\"><\/div>\n\t\t<\/div>\n\t\t\t\t\t\t<\/div>\n\t\t\t\t<\/div>\n\t\t\t\t\t<\/div>\n\t\t<\/div>\n\t\t\t\t\t<\/div>\n\t\t<\/section>\n\t\t\t\t<section class=\"elementor-section elementor-top-section elementor-element elementor-element-29ef0252 elementor-section-boxed elementor-section-height-default elementor-section-height-default\" data-id=\"29ef0252\" data-element_type=\"section\" data-e-type=\"section\" data-settings=\"{&quot;background_background&quot;:&quot;classic&quot;}\">\n\t\t\t\t\t\t<div class=\"elementor-container elementor-column-gap-default\">\n\t\t\t\t\t<div class=\"elementor-column elementor-col-100 elementor-top-column elementor-element elementor-element-1be4e602\" data-id=\"1be4e602\" data-element_type=\"column\" data-e-type=\"column\">\n\t\t\t<div class=\"elementor-widget-wrap elementor-element-populated\">\n\t\t\t\t\t\t<div class=\"elementor-element elementor-element-4d710774 elementor-view-default elementor-position-top elementor-widget elementor-widget-themo-header\" data-id=\"4d710774\" data-element_type=\"widget\" data-e-type=\"widget\" data-widget_type=\"themo-header.default\">\n\t\t\t\t<div class=\"elementor-widget-container\">\n\t\t\t\t\t\t\t<div class=\"th-header-wrap\">\n        <div class=\"elementor-icon-box-wrapper \">\n                            <div class=\"elementor-icon-box-content\">\n                    <h2 class=\"elementor-icon-box-title\">\n                        K\u00c9RD\u00c9SED VAN?                    <\/h2>\n                                            <span class=\"th-header-divider\"><\/span>\n                                        <p class=\"elementor-icon-box-description\">K\u00fcldj \u00fczenetet vagy keress fel minket a tov\u00e1bbi el\u00e9rhet\u0151s\u00e9geink b\u00e1rmelyik\u00e9n!<\/p>\n\n                                    <\/div>\n            <\/div>\n\n        <\/div>\n\n\t\t\t\t\t\t<\/div>\n\t\t\t\t<\/div>\n\t\t\t\t<div class=\"elementor-element elementor-element-55ee86cf elementor-widget elementor-widget-themo-formidable-form\" data-id=\"55ee86cf\" data-element_type=\"widget\" data-e-type=\"widget\" data-widget_type=\"themo-formidable-form.default\">\n\t\t\t\t<div class=\"elementor-widget-container\">\n\t\t\t\t\t            <div class=\"th-fo-form  th-centered th-conversion  th-btn-form btn-standard-primary-form\"><div class=\"frm_forms  with_frm_style frm_style_formidable-style\" id=\"frm_form_5_container\" >\n<form enctype=\"multipart\/form-data\" method=\"post\" class=\"frm-show-form \" id=\"form_2ssykv\" >\n<div class=\"frm_form_fields \">\n<fieldset>\n\r\n<div class=\"frm_fields_container\">\n<input type=\"hidden\" name=\"frm_action\" value=\"create\" \/>\n<input type=\"hidden\" name=\"form_id\" value=\"5\" \/>\n<input type=\"hidden\" name=\"frm_hide_fields_5\" id=\"frm_hide_fields_5\" value=\"\" \/>\n<input type=\"hidden\" name=\"form_key\" value=\"2ssykv\" \/>\n<input type=\"hidden\" name=\"item_meta[0]\" value=\"\" \/>\n<input type=\"hidden\" id=\"frm_submit_entry_5\" name=\"frm_submit_entry_5\" value=\"2e1f636a4e\" \/><input type=\"hidden\" name=\"_wp_http_referer\" value=\"\/en\/wp-json\/wp\/v2\/pages\/1285\" \/><div id=\"frm_field_14_container\" class=\"frm_form_field form-field  frm_none_container\">\r\n    <label for=\"field_qy05f8\" class=\"frm_primary_label\">N\u00e9v\r\n        <span class=\"frm_required\"><\/span>\r\n    <\/label>\r\n    <input type=\"text\" id=\"field_qy05f8\" name=\"item_meta[14]\" value=\"\"  placeholder=\"N\u00e9v\" data-invmsg=\"Name is invalid\" aria-invalid=\"false\"  \/>\r\n    \r\n    \r\n<\/div>\n<div id=\"frm_field_15_container\" class=\"frm_form_field form-field  frm_required_field frm_none_container\">\r\n    <label for=\"field_3asv29\" class=\"frm_primary_label\">E-mail c\u00edm\r\n        <span class=\"frm_required\">*<\/span>\r\n    <\/label>\r\n    <input type=\"text\" id=\"field_3asv29\" name=\"item_meta[15]\" value=\"\"  placeholder=\"E-mail c\u00edm\" data-reqmsg=\"Ez a mez\u0151 nem maradhat \u00fcresen.\" aria-required=\"true\" data-invmsg=\"Email Address is invalid\" aria-invalid=\"false\"  \/>\r\n    \r\n    \r\n<\/div>\n<div id=\"frm_field_16_container\" class=\"frm_form_field form-field  frm_required_field frm_none_container\">\r\n    <label for=\"field_2ywico\" class=\"frm_primary_label\">K\u00e9rd\u00e9s \/ megjegyz\u00e9s\r\n        <span class=\"frm_required\">*<\/span>\r\n    <\/label>\r\n    <input type=\"text\" id=\"field_2ywico\" name=\"item_meta[16]\" value=\"\"  placeholder=\"K\u00e9rd\u00e9s \/ megjegyz\u00e9s\" data-reqmsg=\"Ez a mez\u0151 nem maradhat \u00fcresen.\" aria-required=\"true\" data-invmsg=\"Question \/ Comment is invalid\" aria-invalid=\"false\"  \/>\r\n    \r\n    \r\n<\/div>\n<div id=\"frm_field_55_container\" class=\"frm_form_field form-field \">\r\n\t<div class=\"frm_submit\">\r\n\r\n<input type=\"submit\" value=\"K\u00fcld\u00e9s\"  \/>\r\n<img decoding=\"async\" class=\"frm_ajax_loading\" src=\"https:\/\/kalivineyardestate.hu\/wp-content\/plugins\/formidable\/images\/ajax_loader.gif\" alt=\"Sending\" style=\"visibility:hidden;\" \/>\r\n\r\n<\/div>\r\n<\/div>\n\t<input type=\"hidden\" name=\"item_key\" value=\"\" \/>\n\t\t\t<div id=\"frm_field_57_container\">\n\t\t\t<label for=\"field_qyi68\" >\n\t\t\t\tIf you are human, leave this field blank.\t\t\t<\/label>\n\t\t\t<input  id=\"field_qyi68\" type=\"text\" class=\"frm_form_field form-field frm_verify\" name=\"item_meta[57]\" value=\"\"  \/>\n\t\t<\/div>\n\t\t<input name=\"frm_state\" type=\"hidden\" value=\"+WSNDR\/GHFcaN6NlU5U\/gGKwixbfjml+qxoxwC7nJmo=\" \/><\/div>\n<\/fieldset>\n<\/div>\n\n<\/form>\n<\/div>\n<\/div>\n            \t\t\t\t<\/div>\n\t\t\t\t<\/div>\n\t\t\t\t<div class=\"elementor-element elementor-element-30fffca8 elementor-widget elementor-widget-spacer\" data-id=\"30fffca8\" data-element_type=\"widget\" data-e-type=\"widget\" data-widget_type=\"spacer.default\">\n\t\t\t\t<div class=\"elementor-widget-container\">\n\t\t\t\t\t\t\t<div class=\"elementor-spacer\">\n\t\t\t<div class=\"elementor-spacer-inner\"><\/div>\n\t\t<\/div>\n\t\t\t\t\t\t<\/div>\n\t\t\t\t<\/div>\n\t\t\t\t\t<\/div>\n\t\t<\/div>\n\t\t\t\t\t<\/div>\n\t\t<\/section>\n\t\t\t\t<\/div>\n\t\t","protected":false},"excerpt":{"rendered":"<p>\u00d6r\u00f6mmel \u00e9rtes\u00edt\u00fcnk, hogy a foglal\u00e1sod v\u00e9gleges\u00edt\u00e9s alatt van. A sikeres fizet\u00e9sr\u0151l hamarosan \u00e9rtes\u00edt\u00fcnk egy visszaigazol\u00f3 lev\u00e9l form\u00e1j\u00e1ban, amit a megadott e-mail c\u00edmre k\u00fcld\u00fcnk. V\u00e1runk szeretettel! K\u00c9RD\u00c9SED VAN? K\u00fcldj \u00fczenetet vagy keress fel minket a tov\u00e1bbi el\u00e9rhet\u0151s\u00e9geink b\u00e1rmelyik\u00e9n! N\u00e9v E-mail c\u00edm &hellip; <a href=\"https:\/\/kalivineyardestate.hu\/en\/foglalas-megerositese\/sikeres-foglalas\/\">Read More<\/a><\/p>","protected":false},"author":1,"featured_media":0,"parent":57,"menu_order":2,"comment_status":"closed","ping_status":"closed","template":"","meta":{"footnotes":""},"class_list":["post-1285","page","type-page","status-publish","hentry"],"_links":{"self":[{"href":"https:\/\/kalivineyardestate.hu\/en\/wp-json\/wp\/v2\/pages\/1285","targetHints":{"allow":["GET"]}}],"collection":[{"href":"https:\/\/kalivineyardestate.hu\/en\/wp-json\/wp\/v2\/pages"}],"about":[{"href":"https:\/\/kalivineyardestate.hu\/en\/wp-json\/wp\/v2\/types\/page"}],"author":[{"embeddable":true,"href":"https:\/\/kalivineyardestate.hu\/en\/wp-json\/wp\/v2\/users\/1"}],"replies":[{"embeddable":true,"href":"https:\/\/kalivineyardestate.hu\/en\/wp-json\/wp\/v2\/comments?post=1285"}],"version-history":[{"count":31,"href":"https:\/\/kalivineyardestate.hu\/en\/wp-json\/wp\/v2\/pages\/1285\/revisions"}],"predecessor-version":[{"id":1422,"href":"https:\/\/kalivineyardestate.hu\/en\/wp-json\/wp\/v2\/pages\/1285\/revisions\/1422"}],"up":[{"embeddable":true,"href":"https:\/\/kalivineyardestate.hu\/en\/wp-json\/wp\/v2\/pages\/57"}],"wp:attachment":[{"href":"https:\/\/kalivineyardestate.hu\/en\/wp-json\/wp\/v2\/media?parent=1285"}],"curies":[{"name":"wp","href":"https:\/\/api.w.org\/{rel}","templated":true}]}}